{"id":7687,"date":"2023-11-06T21:56:09","date_gmt":"2023-11-06T21:56:09","guid":{"rendered":"https:\/\/oulalalessons.com\/?page_id=7687"},"modified":"2023-11-07T00:02:50","modified_gmt":"2023-11-07T00:02:50","slug":"preguntas-frecuentes","status":"publish","type":"page","link":"https:\/\/oulalalessons.com\/index.php\/es\/preguntas-frecuentes\/","title":{"rendered":"Preguntas frecuentes"},"content":{"rendered":"\t\t<div data-elementor-type=\"wp-page\" data-elementor-id=\"7687\" class=\"elementor elementor-7687\">\n\t\t\t\t\t\t\t\t\t<section class=\"elementor-section elementor-top-section elementor-element elementor-element-4f7cb22 elementor-section-full_width elementor-section-height-min-height elementor-section-height-default elementor-section-items-middle qodef-elementor-content-no\" data-id=\"4f7cb22\" data-element_type=\"section\" data-settings=\"{&quot;background_background&quot;:&quot;classic&quot;}\">\n\t\t\t\t\t\t<div class=\"elementor-container elementor-column-gap-default\">\n\t\t\t\t\t<div class=\"elementor-column elementor-col-100 elementor-top-column elementor-element elementor-element-1f1ebbf\" data-id=\"1f1ebbf\" data-element_type=\"column\">\n\t\t\t<div class=\"elementor-widget-wrap elementor-element-populated\">\n\t\t\t\t\t\t\t\t<div class=\"elementor-element elementor-element-2a68913 elementor-invisible elementor-widget elementor-widget-text-editor\" data-id=\"2a68913\" data-element_type=\"widget\" data-settings=\"{&quot;_animation&quot;:&quot;fadeIn&quot;}\" data-widget_type=\"text-editor.default\">\n\t\t\t\t<div class=\"elementor-widget-container\">\n\t\t\t<style>\/*! elementor - v3.16.0 - 09-10-2023 *\/\n.elementor-widget-text-editor.elementor-drop-cap-view-stacked .elementor-drop-cap{background-color:#69727d;color:#fff}.elementor-widget-text-editor.elementor-drop-cap-view-framed .elementor-drop-cap{color:#69727d;border:3px solid;background-color:transparent}.elementor-widget-text-editor:not(.elementor-drop-cap-view-default) .elementor-drop-cap{margin-top:8px}.elementor-widget-text-editor:not(.elementor-drop-cap-view-default) .elementor-drop-cap-letter{width:1em;height:1em}.elementor-widget-text-editor .elementor-drop-cap{float:left;text-align:center;line-height:1;font-size:50px}.elementor-widget-text-editor .elementor-drop-cap-letter{display:inline-block}<\/style>\t\t\t\t<h1 style=\"color: #fff;\">Preguntas frecuentes<\/h1>\t\t\t\t\t\t<\/div>\n\t\t\t\t<\/div>\n\t\t\t\t\t<\/div>\n\t\t<\/div>\n\t\t\t\t\t\t\t<\/div>\n\t\t<\/section>\n\t\t\t\t<section class=\"elementor-section elementor-top-section elementor-element elementor-element-fb15394 qodef-elementor-content-grid elementor-section-boxed elementor-section-height-default elementor-section-height-default\" data-id=\"fb15394\" data-element_type=\"section\">\n\t\t\t\t\t\t<div class=\"elementor-container elementor-column-gap-default\">\n\t\t\t\t\t<div class=\"elementor-column elementor-col-100 elementor-top-column elementor-element elementor-element-ee54029\" data-id=\"ee54029\" data-element_type=\"column\">\n\t\t\t<div class=\"elementor-widget-wrap elementor-element-populated\">\n\t\t\t\t\t\t\t\t<div class=\"elementor-element elementor-element-2db52b3 elementor-widget__width-initial elementor-invisible elementor-widget elementor-widget-emeritus_core_accordion\" data-id=\"2db52b3\" data-element_type=\"widget\" data-settings=\"{&quot;_animation&quot;:&quot;fadeIn&quot;}\" data-widget_type=\"emeritus_core_accordion.default\">\n\t\t\t\t<div class=\"elementor-widget-container\">\n\t\t\t<div class=\"qodef-shortcode qodef-m  qodef-accordion clear qodef-behavior--accordion qodef-layout--simple\">\n\t<h6 class=\"qodef-accordion-title\">\n\t<span class=\"qodef-tab-title\">\u00bfQu\u00e9 es Oulala Lessons?<\/span>\n\t<span class=\"qodef-accordion-mark\">\n\t\t<span class=\"qodef-icon--plus\"><\/span>\n\t\t<span class=\"qodef-icon--minus\"><\/span>\n\t<\/span>\n<\/h6>\n<div class=\"qodef-accordion-content\">\n\t<div class=\"qodef-accordion-content-inner\">\n\t\t<p>Ofrecemos clases personalizadas en ingl\u00e9s, espa\u00f1ol y franc\u00e9s, dise\u00f1adas para satisfacer sus necesidades espec\u00edficas, ya sea para prepararse a los ex\u00e1menes o simplemente fortalecer su fluidez. Adem\u00e1s, ofrecemos servicios de traducci\u00f3n literaria o de sitios web.<\/p>\t<\/div>\n<\/div>\n<h6 class=\"qodef-accordion-title\">\n\t<span class=\"qodef-tab-title\">\u00bfC\u00f3mo funciona?<\/span>\n\t<span class=\"qodef-accordion-mark\">\n\t\t<span class=\"qodef-icon--plus\"><\/span>\n\t\t<span class=\"qodef-icon--minus\"><\/span>\n\t<\/span>\n<\/h6>\n<div class=\"qodef-accordion-content\">\n\t<div class=\"qodef-accordion-content-inner\">\n\t\t<p>Cada lecci\u00f3n tiene una duraci\u00f3n de una hora y se le env\u00eda por correo electr\u00f3nico cada semana. Cuando nos conectamos, comenzamos explorando juntos el contenido de la lecci\u00f3n. Por lo general, inicio con una explicaci\u00f3n te\u00f3rica, seguida de ejercicios pr\u00e1cticos que abordamos juntos, y dedicamos tiempo al hablar.<\/p><p>\u00a0<\/p><p>Sin embargo, adaptamos la lecci\u00f3n seg\u00fan las necesidades espec\u00edficas y el estilo de aprendizaje. Tambi\u00e9n puedo asignar ejercicios para hacer en casa y, si es necesario, corregir trabajos y ex\u00e1menes. Cada lecci\u00f3n est\u00e1 verdaderamente dise\u00f1ada a medida para satisfacer necesidades \u00fanicas.<\/p>\t<\/div>\n<\/div>\n<h6 class=\"qodef-accordion-title\">\n\t<span class=\"qodef-tab-title\">\u00bfEs posible conocernos antes de empezar?<\/span>\n\t<span class=\"qodef-accordion-mark\">\n\t\t<span class=\"qodef-icon--plus\"><\/span>\n\t\t<span class=\"qodef-icon--minus\"><\/span>\n\t<\/span>\n<\/h6>\n<div class=\"qodef-accordion-content\">\n\t<div class=\"qodef-accordion-content-inner\">\n\t\t<p>\u00a1Por supuesto! Puedes reservar una llamadita de 20 minutos (gratuita) directamente a trav\u00e9s de este sitio web para conocernos y analizar juntos tus necesidades. Tambi\u00e9n puedes enviar un correo electr\u00f3nico con tus preguntas a <a href=\"mailto:oulala.lesson@gmail.com\" target=\"_new\">oulala.lesson@gmail.com<\/a>.<\/p>\t<\/div>\n<\/div>\n<h6 class=\"qodef-accordion-title\">\n\t<span class=\"qodef-tab-title\">\u00bfCu\u00e1les son los diferentes m\u00e9todos de pago?<\/span>\n\t<span class=\"qodef-accordion-mark\">\n\t\t<span class=\"qodef-icon--plus\"><\/span>\n\t\t<span class=\"qodef-icon--minus\"><\/span>\n\t<\/span>\n<\/h6>\n<div class=\"qodef-accordion-content\">\n\t<div class=\"qodef-accordion-content-inner\">\n\t\t<p>Puedes elegir entre transferencias bancarias o pagos a trav\u00e9s de PayPal, ya sea de forma mensual o por clase<\/p>\t<\/div>\n<\/div>\n<\/div>\n\t\t<\/div>\n\t\t\t\t<\/div>\n\t\t\t\t\t<\/div>\n\t\t<\/div>\n\t\t\t\t\t\t\t<\/div>\n\t\t<\/section>\n\t\t\t\t\t\t\t<\/div>\n\t\t","protected":false},"excerpt":{"rendered":"<p>Preguntas frecuentes \u00bfQu\u00e9 es Oulala Lessons? Ofrecemos clases personalizadas en ingl\u00e9s, espa\u00f1ol y franc\u00e9s, dise\u00f1adas para satisfacer sus necesidades espec\u00edficas, ya sea para prepararse a los ex\u00e1menes o simplemente fortalecer [&hellip;]<\/p>\n","protected":false},"author":1,"featured_media":0,"parent":0,"menu_order":0,"comment_status":"closed","ping_status":"closed","template":"page-full-width.php","meta":{"_bbp_topic_count":0,"_bbp_reply_count":0,"_bbp_total_topic_count":0,"_bbp_total_reply_count":0,"_bbp_voice_count":0,"_bbp_anonymous_reply_count":0,"_bbp_topic_count_hidden":0,"_bbp_reply_count_hidden":0,"_bbp_forum_subforum_count":0,"footnotes":""},"class_list":["post-7687","page","type-page","status-publish","hentry"],"_links":{"self":[{"href":"https:\/\/oulalalessons.com\/index.php\/wp-json\/wp\/v2\/pages\/7687","targetHints":{"allow":["GET"]}}],"collection":[{"href":"https:\/\/oulalalessons.com\/index.php\/wp-json\/wp\/v2\/pages"}],"about":[{"href":"https:\/\/oulalalessons.com\/index.php\/wp-json\/wp\/v2\/types\/page"}],"author":[{"embeddable":true,"href":"https:\/\/oulalalessons.com\/index.php\/wp-json\/wp\/v2\/users\/1"}],"replies":[{"embeddable":true,"href":"https:\/\/oulalalessons.com\/index.php\/wp-json\/wp\/v2\/comments?post=7687"}],"version-history":[{"count":14,"href":"https:\/\/oulalalessons.com\/index.php\/wp-json\/wp\/v2\/pages\/7687\/revisions"}],"predecessor-version":[{"id":7774,"href":"https:\/\/oulalalessons.com\/index.php\/wp-json\/wp\/v2\/pages\/7687\/revisions\/7774"}],"wp:attachment":[{"href":"https:\/\/oulalalessons.com\/index.php\/wp-json\/wp\/v2\/media?parent=7687"}],"curies":[{"name":"wp","href":"https:\/\/api.w.org\/{rel}","templated":true}]}}