{"id":2893,"date":"2020-11-25T09:08:17","date_gmt":"2020-11-25T09:08:17","guid":{"rendered":"https:\/\/emeritus.qodeinteractive.com\/?page_id=2893"},"modified":"2023-10-23T10:43:44","modified_gmt":"2023-10-23T10:43:44","slug":"faq-page","status":"publish","type":"page","link":"https:\/\/oulalalessons.com\/index.php\/faq-page\/","title":{"rendered":"FAQ Page"},"content":{"rendered":"\t\t<div data-elementor-type=\"wp-page\" data-elementor-id=\"2893\" class=\"elementor elementor-2893\">\n\t\t\t\t\t\t\t\t\t<section class=\"elementor-section elementor-top-section elementor-element elementor-element-4f7cb22 elementor-section-full_width elementor-section-height-min-height elementor-section-height-default elementor-section-items-middle qodef-elementor-content-no\" data-id=\"4f7cb22\" data-element_type=\"section\" data-settings=\"{&quot;background_background&quot;:&quot;classic&quot;}\">\n\t\t\t\t\t\t<div class=\"elementor-container elementor-column-gap-default\">\n\t\t\t\t\t<div class=\"elementor-column elementor-col-100 elementor-top-column elementor-element elementor-element-1f1ebbf\" data-id=\"1f1ebbf\" data-element_type=\"column\">\n\t\t\t<div class=\"elementor-widget-wrap elementor-element-populated\">\n\t\t\t\t\t\t\t\t<div class=\"elementor-element elementor-element-2a68913 elementor-widget elementor-widget-text-editor\" data-id=\"2a68913\" data-element_type=\"widget\" data-widget_type=\"text-editor.default\">\n\t\t\t\t<div class=\"elementor-widget-container\">\n\t\t\t<style>\/*! elementor - v3.16.0 - 09-10-2023 *\/\n.elementor-widget-text-editor.elementor-drop-cap-view-stacked .elementor-drop-cap{background-color:#69727d;color:#fff}.elementor-widget-text-editor.elementor-drop-cap-view-framed .elementor-drop-cap{color:#69727d;border:3px solid;background-color:transparent}.elementor-widget-text-editor:not(.elementor-drop-cap-view-default) .elementor-drop-cap{margin-top:8px}.elementor-widget-text-editor:not(.elementor-drop-cap-view-default) .elementor-drop-cap-letter{width:1em;height:1em}.elementor-widget-text-editor .elementor-drop-cap{float:left;text-align:center;line-height:1;font-size:50px}.elementor-widget-text-editor .elementor-drop-cap-letter{display:inline-block}<\/style>\t\t\t\t<h1 style=\"color: #fff;\">FAQ page<\/h1>\t\t\t\t\t\t<\/div>\n\t\t\t\t<\/div>\n\t\t\t\t\t<\/div>\n\t\t<\/div>\n\t\t\t\t\t\t\t<\/div>\n\t\t<\/section>\n\t\t\t\t<section class=\"elementor-section elementor-top-section elementor-element elementor-element-fb15394 qodef-elementor-content-grid elementor-section-boxed elementor-section-height-default elementor-section-height-default\" data-id=\"fb15394\" data-element_type=\"section\">\n\t\t\t\t\t\t<div class=\"elementor-container elementor-column-gap-default\">\n\t\t\t\t\t<div class=\"elementor-column elementor-col-100 elementor-top-column elementor-element elementor-element-ee54029\" data-id=\"ee54029\" data-element_type=\"column\">\n\t\t\t<div class=\"elementor-widget-wrap elementor-element-populated\">\n\t\t\t\t\t\t\t\t<div class=\"elementor-element elementor-element-2db52b3 elementor-widget__width-initial elementor-invisible elementor-widget elementor-widget-emeritus_core_accordion\" data-id=\"2db52b3\" data-element_type=\"widget\" data-settings=\"{&quot;_animation&quot;:&quot;fadeIn&quot;}\" data-widget_type=\"emeritus_core_accordion.default\">\n\t\t\t\t<div class=\"elementor-widget-container\">\n\t\t\t<div class=\"qodef-shortcode qodef-m  qodef-accordion clear qodef-behavior--accordion qodef-layout--simple\">\n\t<h6 class=\"qodef-accordion-title\">\n\t<span class=\"qodef-tab-title\">C&#039;est quoi Oulala Lessons?<\/span>\n\t<span class=\"qodef-accordion-mark\">\n\t\t<span class=\"qodef-icon--plus\"><\/span>\n\t\t<span class=\"qodef-icon--minus\"><\/span>\n\t<\/span>\n<\/h6>\n<div class=\"qodef-accordion-content\">\n\t<div class=\"qodef-accordion-content-inner\">\n\t\t<p>Je vous propose des cours personnalis\u00e9s en anglais, espagnol et fran\u00e7ais, con\u00e7us pour r\u00e9pondre \u00e0 vos besoins particuliers, que ce soit pour vous pr\u00e9parer \u00e0 des examens ou simplement renforcer votre aisance dans la langue. De plus, je propose des services de traductions litt\u00e9raires ou de sites web.<\/p>\t<\/div>\n<\/div>\n<h6 class=\"qodef-accordion-title\">\n\t<span class=\"qodef-tab-title\">Comment se d\u00e9roule un cours?<\/span>\n\t<span class=\"qodef-accordion-mark\">\n\t\t<span class=\"qodef-icon--plus\"><\/span>\n\t\t<span class=\"qodef-icon--minus\"><\/span>\n\t<\/span>\n<\/h6>\n<div class=\"qodef-accordion-content\">\n\t<div class=\"qodef-accordion-content-inner\">\n\t\t<p>Chaque cours a une dur\u00e9e d'une heure et est envoy\u00e9 par e-mail pour la semaine \u00e0 venir. Lorsque nous nous connectons, nous commen\u00e7ons ensemble en explorant le contenu du cours. Habituellement, je commence par une explication th\u00e9orique, suivie d'exercices pratiques que nous abordons ensemble, et nous consacrons du temps \u00e0 la pratique orale.<\/p><p>\u00a0<\/p><p>Cependant, j'adapte le cours en fonction de vos besoins sp\u00e9cifiques et de votre style d'apprentissage. Je peux \u00e9galement donner des exercices \u00e0 faire \u00e0 la maison et, si n\u00e9cessaire, corriger vos travaux et examens. Chaque cours est v\u00e9ritablement con\u00e7u sur mesure pour r\u00e9pondre \u00e0 vos besoins uniques.<\/p>\t<\/div>\n<\/div>\n<h6 class=\"qodef-accordion-title\">\n\t<span class=\"qodef-tab-title\">Est-ce possible de vous rencontrer avant de commencer?<\/span>\n\t<span class=\"qodef-accordion-mark\">\n\t\t<span class=\"qodef-icon--plus\"><\/span>\n\t\t<span class=\"qodef-icon--minus\"><\/span>\n\t<\/span>\n<\/h6>\n<div class=\"qodef-accordion-content\">\n\t<div class=\"qodef-accordion-content-inner\">\n\t\t<p>Bien s\u00fbr! Vous pouvez r\u00e9server un appel de 20min (gratuit) directement sur ce site pour faire connaissance et discuter de vos besoins en mati\u00e8re de cours. Vous pouvez \u00e9galement m'envoyer un e-mail avec vos questions \u00e0 oulala.lesson@gmail.com<\/p>\t<\/div>\n<\/div>\n<h6 class=\"qodef-accordion-title\">\n\t<span class=\"qodef-tab-title\">Quels sont les diff\u00e9rents moyens de paiement?<\/span>\n\t<span class=\"qodef-accordion-mark\">\n\t\t<span class=\"qodef-icon--plus\"><\/span>\n\t\t<span class=\"qodef-icon--minus\"><\/span>\n\t<\/span>\n<\/h6>\n<div class=\"qodef-accordion-content\">\n\t<div class=\"qodef-accordion-content-inner\">\n\t\t<p>Vous pouvez opter pour soit des virements bancaires soit des paiements via PayPal, que ce soit sur une base mensuelle ou pour chaque cours.<\/p>\t<\/div>\n<\/div>\n<\/div>\n\t\t<\/div>\n\t\t\t\t<\/div>\n\t\t\t\t\t<\/div>\n\t\t<\/div>\n\t\t\t\t\t\t\t<\/div>\n\t\t<\/section>\n\t\t\t\t\t\t\t<\/div>\n\t\t","protected":false},"excerpt":{"rendered":"<p>FAQ page C&#039;est quoi Oulala Lessons? Je vous propose des cours personnalis\u00e9s en anglais, espagnol et fran\u00e7ais, con\u00e7us pour r\u00e9pondre \u00e0 vos besoins particuliers, que ce soit pour vous pr\u00e9parer [&hellip;]<\/p>\n","protected":false},"author":2,"featured_media":0,"parent":0,"menu_order":0,"comment_status":"closed","ping_status":"closed","template":"page-full-width.php","meta":{"_bbp_topic_count":0,"_bbp_reply_count":0,"_bbp_total_topic_count":0,"_bbp_total_reply_count":0,"_bbp_voice_count":0,"_bbp_anonymous_reply_count":0,"_bbp_topic_count_hidden":0,"_bbp_reply_count_hidden":0,"_bbp_forum_subforum_count":0,"footnotes":""},"class_list":["post-2893","page","type-page","status-publish","hentry"],"_links":{"self":[{"href":"https:\/\/oulalalessons.com\/index.php\/wp-json\/wp\/v2\/pages\/2893","targetHints":{"allow":["GET"]}}],"collection":[{"href":"https:\/\/oulalalessons.com\/index.php\/wp-json\/wp\/v2\/pages"}],"about":[{"href":"https:\/\/oulalalessons.com\/index.php\/wp-json\/wp\/v2\/types\/page"}],"author":[{"embeddable":true,"href":"https:\/\/oulalalessons.com\/index.php\/wp-json\/wp\/v2\/users\/2"}],"replies":[{"embeddable":true,"href":"https:\/\/oulalalessons.com\/index.php\/wp-json\/wp\/v2\/comments?post=2893"}],"version-history":[{"count":34,"href":"https:\/\/oulalalessons.com\/index.php\/wp-json\/wp\/v2\/pages\/2893\/revisions"}],"predecessor-version":[{"id":7646,"href":"https:\/\/oulalalessons.com\/index.php\/wp-json\/wp\/v2\/pages\/2893\/revisions\/7646"}],"wp:attachment":[{"href":"https:\/\/oulalalessons.com\/index.php\/wp-json\/wp\/v2\/media?parent=2893"}],"curies":[{"name":"wp","href":"https:\/\/api.w.org\/{rel}","templated":true}]}}