{"id":2280,"date":"2020-11-21T19:55:02","date_gmt":"2020-11-21T19:55:02","guid":{"rendered":"https:\/\/emeritus.qodeinteractive.com\/?page_id=2280"},"modified":"2023-11-07T17:50:45","modified_gmt":"2023-11-07T17:50:45","slug":"nos-cours","status":"publish","type":"page","link":"https:\/\/oulalalessons.com\/index.php\/nos-cours\/","title":{"rendered":"Nos cours"},"content":{"rendered":"\t\t<div data-elementor-type=\"wp-page\" data-elementor-id=\"2280\" class=\"elementor elementor-2280\">\n\t\t\t\t\t\t\t\t\t<section class=\"elementor-section elementor-top-section elementor-element elementor-element-d653872 elementor-section-height-min-height elementor-section-items-bottom elementor-section-boxed elementor-section-height-default qodef-elementor-content-no\" data-id=\"d653872\" data-element_type=\"section\" data-settings=\"{&quot;background_background&quot;:&quot;classic&quot;}\">\n\t\t\t\t\t\t<div class=\"elementor-container elementor-column-gap-default\">\n\t\t\t\t\t<div class=\"elementor-column elementor-col-100 elementor-top-column elementor-element elementor-element-b8aba34\" data-id=\"b8aba34\" data-element_type=\"column\">\n\t\t\t<div class=\"elementor-widget-wrap elementor-element-populated\">\n\t\t\t\t\t\t\t\t<div class=\"elementor-element elementor-element-a32710b elementor-widget elementor-widget-text-editor\" data-id=\"a32710b\" data-element_type=\"widget\" data-widget_type=\"text-editor.default\">\n\t\t\t\t<div class=\"elementor-widget-container\">\n\t\t\t<style>\/*! elementor - v3.16.0 - 09-10-2023 *\/\n.elementor-widget-text-editor.elementor-drop-cap-view-stacked .elementor-drop-cap{background-color:#69727d;color:#fff}.elementor-widget-text-editor.elementor-drop-cap-view-framed .elementor-drop-cap{color:#69727d;border:3px solid;background-color:transparent}.elementor-widget-text-editor:not(.elementor-drop-cap-view-default) .elementor-drop-cap{margin-top:8px}.elementor-widget-text-editor:not(.elementor-drop-cap-view-default) .elementor-drop-cap-letter{width:1em;height:1em}.elementor-widget-text-editor .elementor-drop-cap{float:left;text-align:center;line-height:1;font-size:50px}.elementor-widget-text-editor .elementor-drop-cap-letter{display:inline-block}<\/style>\t\t\t\t\t\t\t\t\t\t<\/div>\n\t\t\t\t<\/div>\n\t\t\t\t\t<\/div>\n\t\t<\/div>\n\t\t\t\t\t\t\t<\/div>\n\t\t<\/section>\n\t\t\t\t<section class=\"elementor-section elementor-top-section elementor-element elementor-element-20acc43 elementor-section-height-min-height elementor-section-boxed elementor-section-height-default elementor-section-items-middle qodef-elementor-content-no\" data-id=\"20acc43\" data-element_type=\"section\">\n\t\t\t\t\t\t<div class=\"elementor-container elementor-column-gap-default\">\n\t\t\t\t\t<div class=\"elementor-column elementor-col-100 elementor-top-column elementor-element elementor-element-5f4e3c9\" data-id=\"5f4e3c9\" data-element_type=\"column\">\n\t\t\t<div class=\"elementor-widget-wrap elementor-element-populated\">\n\t\t\t\t\t\t\t\t<div class=\"elementor-element elementor-element-343d381 elementor-widget__width-initial e-transform elementor-invisible elementor-widget elementor-widget-emeritus_core_section_title\" data-id=\"343d381\" data-element_type=\"widget\" data-settings=\"{&quot;_animation&quot;:&quot;fadeIn&quot;,&quot;_transform_translateY_effect_mobile&quot;:{&quot;unit&quot;:&quot;px&quot;,&quot;size&quot;:-86,&quot;sizes&quot;:[]},&quot;_transform_translateY_effect&quot;:{&quot;unit&quot;:&quot;px&quot;,&quot;size&quot;:-64,&quot;sizes&quot;:[]},&quot;_transform_translateX_effect&quot;:{&quot;unit&quot;:&quot;px&quot;,&quot;size&quot;:&quot;&quot;,&quot;sizes&quot;:[]},&quot;_transform_translateX_effect_tablet&quot;:{&quot;unit&quot;:&quot;px&quot;,&quot;size&quot;:&quot;&quot;,&quot;sizes&quot;:[]},&quot;_transform_translateX_effect_mobile&quot;:{&quot;unit&quot;:&quot;px&quot;,&quot;size&quot;:&quot;&quot;,&quot;sizes&quot;:[]},&quot;_transform_translateY_effect_tablet&quot;:{&quot;unit&quot;:&quot;px&quot;,&quot;size&quot;:&quot;&quot;,&quot;sizes&quot;:[]}}\" data-widget_type=\"emeritus_core_section_title.default\">\n\t\t\t\t<div class=\"elementor-widget-container\">\n\t\t\t<div class=\"qodef-shortcode qodef-m  qodef-section-title qodef-alignment--center \">\n    \t<p class=\"qodef-m-text\" >Choisissez votre cours<\/p>\n\t\t<h2 class=\"qodef-m-title\" >\n\t\t\t\t\tNos cours\t\t\t<\/h2>\n<\/div>\n\t\t<\/div>\n\t\t\t\t<\/div>\n\t\t\t\t\t<\/div>\n\t\t<\/div>\n\t\t\t\t\t\t\t<\/div>\n\t\t<\/section>\n\t\t\t\t<section class=\"elementor-section elementor-top-section elementor-element elementor-element-0e4c34d qodef-elementor-content-grid elementor-section-full_width elementor-section-content-middle elementor-section-stretched elementor-section-height-default elementor-section-height-default\" data-id=\"0e4c34d\" data-element_type=\"section\" data-settings=\"{&quot;stretch_section&quot;:&quot;section-stretched&quot;,&quot;animation_mobile&quot;:&quot;fadeIn&quot;}\">\n\t\t\t\t\t\t<div class=\"elementor-container elementor-column-gap-default\">\n\t\t\t\t\t<div class=\"elementor-column elementor-col-33 elementor-top-column elementor-element elementor-element-13f1c6f\" data-id=\"13f1c6f\" data-element_type=\"column\" data-settings=\"{&quot;background_background&quot;:&quot;classic&quot;}\">\n\t\t\t<div class=\"elementor-widget-wrap elementor-element-populated\">\n\t\t\t\t\t\t\t\t<div class=\"elementor-element elementor-element-5c9bb08 elementor-widget__width-auto e-transform elementor-widget-mobile__width-initial elementor-widget elementor-widget-emeritus_core_pricing_table\" data-id=\"5c9bb08\" data-element_type=\"widget\" data-settings=\"{&quot;_animation_mobile&quot;:&quot;fadeIn&quot;,&quot;_transform_translateX_effect_mobile&quot;:{&quot;unit&quot;:&quot;px&quot;,&quot;size&quot;:0,&quot;sizes&quot;:[]},&quot;_transform_translateX_effect&quot;:{&quot;unit&quot;:&quot;px&quot;,&quot;size&quot;:&quot;&quot;,&quot;sizes&quot;:[]},&quot;_transform_translateX_effect_tablet&quot;:{&quot;unit&quot;:&quot;px&quot;,&quot;size&quot;:&quot;&quot;,&quot;sizes&quot;:[]},&quot;_transform_translateY_effect&quot;:{&quot;unit&quot;:&quot;px&quot;,&quot;size&quot;:&quot;&quot;,&quot;sizes&quot;:[]},&quot;_transform_translateY_effect_tablet&quot;:{&quot;unit&quot;:&quot;px&quot;,&quot;size&quot;:&quot;&quot;,&quot;sizes&quot;:[]},&quot;_transform_translateY_effect_mobile&quot;:{&quot;unit&quot;:&quot;px&quot;,&quot;size&quot;:&quot;&quot;,&quot;sizes&quot;:[]}}\" data-widget_type=\"emeritus_core_pricing_table.default\">\n\t\t\t\t<div class=\"elementor-widget-container\">\n\t\t\t<div class=\"qodef-shortcode qodef-m  qodef-pricing-table qodef-layout--standard qodef-status--regular\" style=\"background-color: #FFE399\">\n\t<div class=\"qodef-m-inner\">\n\t\t    <div class=\"qodef-m-subtitle\">\n        <span>01<\/span>\n    <\/div>\n\n\t<div class=\"qodef-m-title\">\n\t\t<p >Option 1<\/p>\n\t<\/div>\n\t\t\t<div class=\"qodef-m-price\">\n\t\t<div class=\"qodef-m-price-wrapper\" >\n                        <span class=\"qodef-m-price-value\">Gratuit<\/span>\n\t\t<\/div>\n                    <span class=\"qodef-m-mark\">20min<\/span>\n        \t<\/div>\n\t\t\t<div class=\"qodef-m-content\"><ul><li>Un appel<\/li><li>Se rencontrer<\/li><li>R\u00e9pondre \u00e0 vos questions<\/li><li>Echanger sur vos besoins<\/li><\/ul><\/div>\n\t\t\t<div class=\"qodef-m-button clear\">\n\t\t<a class=\"qodef-shortcode qodef-m  qodef-button qodef-layout--filled qodef-size--large qodef-html--link\" href=\"https:\/\/oulalalessons.com\/index.php\/reservations\/\" target=\"_self\"  >\t<span class=\"qodef-m-text\">R\u00e9server<\/span>    <span class=\"qodef-btn-icon\"><svg  xmlns=\"http:\/\/www.w3.org\/2000\/svg\" xmlns:xlink=\"http:\/\/www.w3.org\/1999\/xlink\" x=\"0px\" y=\"0px\" width=\"24.141px\" height=\"11px\" viewBox=\"0 0 24.141 11\" enable-background=\"new 0 0 24.141 11\" xml:space=\"preserve\"><line fill=\"none\" stroke=\"#FFFFFF\" stroke-miterlimit=\"10\" x1=\"0\" y1=\"5.5\" x2=\"23.373\" y2=\"5.5\"\/><polyline fill=\"none\" stroke=\"#FFFFFF\" stroke-miterlimit=\"10\" points=\"18.265,0.391 23.373,5.5 18.265,10.609 \"\/><\/svg><\/span><\/a>\t<\/div>\n\t<\/div>\n<\/div>\n\t\t<\/div>\n\t\t\t\t<\/div>\n\t\t\t\t\t<\/div>\n\t\t<\/div>\n\t\t\t\t<div class=\"elementor-column elementor-col-33 elementor-top-column elementor-element elementor-element-ff27396\" data-id=\"ff27396\" data-element_type=\"column\" data-settings=\"{&quot;background_background&quot;:&quot;classic&quot;}\">\n\t\t\t<div class=\"elementor-widget-wrap elementor-element-populated\">\n\t\t\t\t\t\t\t\t<div class=\"elementor-element elementor-element-3d8fdb3 elementor-widget__width-auto elementor-widget-mobile__width-initial e-transform elementor-widget elementor-widget-emeritus_core_pricing_table\" data-id=\"3d8fdb3\" data-element_type=\"widget\" data-settings=\"{&quot;_animation_mobile&quot;:&quot;fadeIn&quot;,&quot;_transform_translateX_effect_mobile&quot;:{&quot;unit&quot;:&quot;px&quot;,&quot;size&quot;:0,&quot;sizes&quot;:[]},&quot;_transform_translateX_effect&quot;:{&quot;unit&quot;:&quot;px&quot;,&quot;size&quot;:&quot;&quot;,&quot;sizes&quot;:[]},&quot;_transform_translateX_effect_tablet&quot;:{&quot;unit&quot;:&quot;px&quot;,&quot;size&quot;:&quot;&quot;,&quot;sizes&quot;:[]},&quot;_transform_translateY_effect&quot;:{&quot;unit&quot;:&quot;px&quot;,&quot;size&quot;:&quot;&quot;,&quot;sizes&quot;:[]},&quot;_transform_translateY_effect_tablet&quot;:{&quot;unit&quot;:&quot;px&quot;,&quot;size&quot;:&quot;&quot;,&quot;sizes&quot;:[]},&quot;_transform_translateY_effect_mobile&quot;:{&quot;unit&quot;:&quot;px&quot;,&quot;size&quot;:&quot;&quot;,&quot;sizes&quot;:[]}}\" data-widget_type=\"emeritus_core_pricing_table.default\">\n\t\t\t\t<div class=\"elementor-widget-container\">\n\t\t\t<div class=\"qodef-shortcode qodef-m  qodef-pricing-table qodef-layout--standard qodef-status--regular\" style=\"background-color: #FDEBE1\">\n\t<div class=\"qodef-m-inner\">\n\t\t    <div class=\"qodef-m-subtitle\">\n        <span>02<\/span>\n    <\/div>\n\n\t<div class=\"qodef-m-title\">\n\t\t<p >Option 2<\/p>\n\t<\/div>\n\t\t\t<div class=\"qodef-m-price\">\n\t\t<div class=\"qodef-m-price-wrapper\" >\n                        <span class=\"qodef-m-price-value\">35\u20ac<\/span>\n\t\t<\/div>\n                    <span class=\"qodef-m-mark\">semaine<\/span>\n        \t<\/div>\n\t\t\t<div class=\"qodef-m-content\"><ul><li>Cours en ligne<\/li><li>1 heure par semaine<\/li><li>Personnalis\u00e9<\/li><li>\u00a0<\/li><\/ul><\/div>\n\t\t\t<div class=\"qodef-m-button clear\">\n\t\t<a class=\"qodef-shortcode qodef-m  qodef-button qodef-layout--filled qodef-size--large qodef-html--link\" href=\"https:\/\/oulalalessons.com\/index.php\/reservations\/\" target=\"_self\"  >\t<span class=\"qodef-m-text\">R\u00e9server<\/span>    <span class=\"qodef-btn-icon\"><svg  xmlns=\"http:\/\/www.w3.org\/2000\/svg\" xmlns:xlink=\"http:\/\/www.w3.org\/1999\/xlink\" x=\"0px\" y=\"0px\" width=\"24.141px\" height=\"11px\" viewBox=\"0 0 24.141 11\" enable-background=\"new 0 0 24.141 11\" xml:space=\"preserve\"><line fill=\"none\" stroke=\"#FFFFFF\" stroke-miterlimit=\"10\" x1=\"0\" y1=\"5.5\" x2=\"23.373\" y2=\"5.5\"\/><polyline fill=\"none\" stroke=\"#FFFFFF\" stroke-miterlimit=\"10\" points=\"18.265,0.391 23.373,5.5 18.265,10.609 \"\/><\/svg><\/span><\/a>\t<\/div>\n\t<\/div>\n<\/div>\n\t\t<\/div>\n\t\t\t\t<\/div>\n\t\t\t\t\t<\/div>\n\t\t<\/div>\n\t\t\t\t<div class=\"elementor-column elementor-col-33 elementor-top-column elementor-element elementor-element-c807921\" data-id=\"c807921\" data-element_type=\"column\" data-settings=\"{&quot;background_background&quot;:&quot;classic&quot;}\">\n\t\t\t<div class=\"elementor-widget-wrap elementor-element-populated\">\n\t\t\t\t\t\t\t\t<div class=\"elementor-element elementor-element-c982a47 elementor-widget__width-auto elementor-widget-mobile__width-initial elementor-widget elementor-widget-emeritus_core_pricing_table\" data-id=\"c982a47\" data-element_type=\"widget\" data-settings=\"{&quot;_animation_mobile&quot;:&quot;fadeIn&quot;}\" data-widget_type=\"emeritus_core_pricing_table.default\">\n\t\t\t\t<div class=\"elementor-widget-container\">\n\t\t\t<div class=\"qodef-shortcode qodef-m  qodef-pricing-table qodef-layout--standard qodef-status--regular\" style=\"background-color: #8EE3BB\">\n\t<div class=\"qodef-m-inner\">\n\t\t    <div class=\"qodef-m-subtitle\">\n        <span>03<\/span>\n    <\/div>\n\n\t<div class=\"qodef-m-title\">\n\t\t<p >Option 3<\/p>\n\t<\/div>\n\t\t\t<div class=\"qodef-m-price\">\n\t\t<div class=\"qodef-m-price-wrapper\" >\n                        <span class=\"qodef-m-price-value\">70\u20ac<\/span>\n\t\t<\/div>\n                    <span class=\"qodef-m-mark\">semaine<\/span>\n        \t<\/div>\n\t\t\t<div class=\"qodef-m-content\"><ul><li>Cours en ligne<\/li><li>2 heures par semaine<\/li><li>Personnalis\u00e9<\/li><li>Option Certification<\/li><\/ul><\/div>\n\t\t\t<div class=\"qodef-m-button clear\">\n\t\t<a class=\"qodef-shortcode qodef-m  qodef-button qodef-layout--filled qodef-size--large qodef-html--link\" href=\"https:\/\/oulalalessons.com\/index.php\/reservations\/\" target=\"_self\"  >\t<span class=\"qodef-m-text\">R\u00e9server<\/span>    <span class=\"qodef-btn-icon\"><svg  xmlns=\"http:\/\/www.w3.org\/2000\/svg\" xmlns:xlink=\"http:\/\/www.w3.org\/1999\/xlink\" x=\"0px\" y=\"0px\" width=\"24.141px\" height=\"11px\" viewBox=\"0 0 24.141 11\" enable-background=\"new 0 0 24.141 11\" xml:space=\"preserve\"><line fill=\"none\" stroke=\"#FFFFFF\" stroke-miterlimit=\"10\" x1=\"0\" y1=\"5.5\" x2=\"23.373\" y2=\"5.5\"\/><polyline fill=\"none\" stroke=\"#FFFFFF\" stroke-miterlimit=\"10\" points=\"18.265,0.391 23.373,5.5 18.265,10.609 \"\/><\/svg><\/span><\/a>\t<\/div>\n\t<\/div>\n<\/div>\n\t\t<\/div>\n\t\t\t\t<\/div>\n\t\t\t\t\t<\/div>\n\t\t<\/div>\n\t\t\t\t\t\t\t<\/div>\n\t\t<\/section>\n\t\t\t\t\t\t\t<\/div>\n\t\t","protected":false},"excerpt":{"rendered":"<p>Choisissez votre cours Nos cours 01 Option 1 Gratuit 20min Un appel Se rencontrer R\u00e9pondre \u00e0 vos questions Echanger sur vos besoins R\u00e9server 02 Option 2 35\u20ac semaine Cours en [&hellip;]<\/p>\n","protected":false},"author":1,"featured_media":0,"parent":0,"menu_order":1,"comment_status":"closed","ping_status":"closed","template":"page-full-width.php","meta":{"_bbp_topic_count":0,"_bbp_reply_count":0,"_bbp_total_topic_count":0,"_bbp_total_reply_count":0,"_bbp_voice_count":0,"_bbp_anonymous_reply_count":0,"_bbp_topic_count_hidden":0,"_bbp_reply_count_hidden":0,"_bbp_forum_subforum_count":0,"footnotes":""},"class_list":["post-2280","page","type-page","status-publish","hentry"],"_links":{"self":[{"href":"https:\/\/oulalalessons.com\/index.php\/wp-json\/wp\/v2\/pages\/2280","targetHints":{"allow":["GET"]}}],"collection":[{"href":"https:\/\/oulalalessons.com\/index.php\/wp-json\/wp\/v2\/pages"}],"about":[{"href":"https:\/\/oulalalessons.com\/index.php\/wp-json\/wp\/v2\/types\/page"}],"author":[{"embeddable":true,"href":"https:\/\/oulalalessons.com\/index.php\/wp-json\/wp\/v2\/users\/1"}],"replies":[{"embeddable":true,"href":"https:\/\/oulalalessons.com\/index.php\/wp-json\/wp\/v2\/comments?post=2280"}],"version-history":[{"count":100,"href":"https:\/\/oulalalessons.com\/index.php\/wp-json\/wp\/v2\/pages\/2280\/revisions"}],"predecessor-version":[{"id":7788,"href":"https:\/\/oulalalessons.com\/index.php\/wp-json\/wp\/v2\/pages\/2280\/revisions\/7788"}],"wp:attachment":[{"href":"https:\/\/oulalalessons.com\/index.php\/wp-json\/wp\/v2\/media?parent=2280"}],"curies":[{"name":"wp","href":"https:\/\/api.w.org\/{rel}","templated":true}]}}