{"id":1644,"date":"2020-11-20T11:27:38","date_gmt":"2020-11-20T11:27:38","guid":{"rendered":"https:\/\/emeritus.qodeinteractive.com\/?page_id=1644"},"modified":"2023-11-06T21:53:40","modified_gmt":"2023-11-06T21:53:40","slug":"ce-que-disent-mes-eleves","status":"publish","type":"page","link":"https:\/\/oulalalessons.com\/index.php\/nos-cours\/ce-que-disent-mes-eleves\/","title":{"rendered":"Ce que disent mes \u00e9l\u00e8ves"},"content":{"rendered":"\t\t<div data-elementor-type=\"wp-page\" data-elementor-id=\"1644\" class=\"elementor elementor-1644\">\n\t\t\t\t\t\t\t\t\t<section class=\"elementor-section elementor-top-section elementor-element elementor-element-8ea7fea elementor-section-full_width elementor-section-height-default elementor-section-height-default qodef-elementor-content-no\" data-id=\"8ea7fea\" data-element_type=\"section\">\n\t\t\t\t\t\t<div class=\"elementor-container elementor-column-gap-default\">\n\t\t\t\t\t<div class=\"elementor-column elementor-col-100 elementor-top-column elementor-element elementor-element-077aeaa\" data-id=\"077aeaa\" data-element_type=\"column\">\n\t\t\t<div class=\"elementor-widget-wrap elementor-element-populated\">\n\t\t\t\t\t\t\t\t<div class=\"elementor-element elementor-element-f10a1b7 elementor-widget elementor-widget-slider_revolution\" data-id=\"f10a1b7\" data-element_type=\"widget\" data-widget_type=\"slider_revolution.default\">\n\t\t\t\t<div class=\"elementor-widget-container\">\n\t\t\t\r\n\t\t<div class=\"wp-block-themepunch-revslider\">\n\t\t\t<!-- START home05 REVOLUTION SLIDER 6.6.13 --><p class=\"rs-p-wp-fix\"><\/p>\n\t\t\t<rs-module-wrap id=\"rev_slider_5_1_wrapper\" data-source=\"gallery\" style=\"visibility:hidden;background:transparent;padding:0;\">\n\t\t\t\t<rs-module id=\"rev_slider_5_1\" style=\"\" data-version=\"6.6.13\">\n\t\t\t\t\t<rs-slides style=\"overflow: hidden; position: absolute;\">\n\t\t\t\t\t\t<rs-slide style=\"position: absolute;\" data-key=\"rs-10\" data-title=\"Slide\" data-anim=\"ms:10;\" data-in=\"o:1;\" data-out=\"a:false;\">\n\t\t\t\t\t\t\t<img decoding=\"async\" src=\"\/\/oulalalessons.com\/wp-content\/plugins\/revslider\/public\/assets\/assets\/dummy.png\" alt=\"Slide\" title=\"Ce que disent mes \u00e9l\u00e8ves\" class=\"rev-slidebg tp-rs-img rs-lazyload\" data-lazyload=\"\/\/oulalalessons.com\/wp-content\/plugins\/revslider\/public\/assets\/assets\/transparent.png\" data-no-retina>\n<!--\n\t\t\t\t\t\t\t--><rs-layer\n\t\t\t\t\t\t\t\tid=\"slider-5-slide-10-layer-1\" \n\t\t\t\t\t\t\t\tdata-type=\"text\"\n\t\t\t\t\t\t\t\tdata-color=\"#272727\"\n\t\t\t\t\t\t\t\tdata-xy=\"xo:51px,104px,70px,20px;y:m;yo:-151px,-121px,134px,-299px;\"\n\t\t\t\t\t\t\t\tdata-text=\"w:normal;fw:300;\"\n\t\t\t\t\t\t\t\tdata-basealign=\"slide\"\n\t\t\t\t\t\t\t\tdata-rsp_o=\"off\"\n\t\t\t\t\t\t\t\tdata-rsp_bd=\"off\"\n\t\t\t\t\t\t\t\tdata-frame_0=\"x:-50;\"\n\t\t\t\t\t\t\t\tdata-frame_1=\"st:100;sp:1000;\"\n\t\t\t\t\t\t\t\tdata-frame_999=\"o:0;st:w;\"\n\t\t\t\t\t\t\t\tstyle=\"z-index:7;font-family:'Crimson Pro';font-style:italic;\"\n\t\t\t\t\t\t\t>Commentaires \n\t\t\t\t\t\t\t<\/rs-layer><!--\n\n\t\t\t\t\t\t\t--><rs-layer\n\t\t\t\t\t\t\t\tid=\"slider-5-slide-10-layer-2\" \n\t\t\t\t\t\t\t\tdata-type=\"text\"\n\t\t\t\t\t\t\t\tdata-color=\"#171717\"\n\t\t\t\t\t\t\t\tdata-xy=\"xo:27px,101px,70px,19px;y:m;yo:32px,5px,178px,-230px;\"\n\t\t\t\t\t\t\t\tdata-text=\"w:normal;s:70,70,60,29;l:71,71,63,29;ls:-1px;fw:600;\"\n\t\t\t\t\t\t\t\tdata-dim=\"w:380px,380px,727px,163px;\"\n\t\t\t\t\t\t\t\tdata-basealign=\"slide\"\n\t\t\t\t\t\t\t\tdata-rsp_o=\"off\"\n\t\t\t\t\t\t\t\tdata-rsp_bd=\"off\"\n\t\t\t\t\t\t\t\tdata-frame_0=\"x:-50,-50,-50,-27px;y:0,0,0,0px;\"\n\t\t\t\t\t\t\t\tdata-frame_1=\"x:0,0,0,0px;y:0,0,0,0px;st:200;sp:1000;\"\n\t\t\t\t\t\t\t\tdata-frame_999=\"o:0;st:w;\"\n\t\t\t\t\t\t\t\tstyle=\"z-index:8;font-family:'Montserrat';\"\n\t\t\t\t\t\t\t>Ce que disent mes \u00e9l\u00e8ves \n\t\t\t\t\t\t\t<\/rs-layer><!--\n\n\t\t\t\t\t\t\t--><rs-layer\n\t\t\t\t\t\t\t\tid=\"slider-5-slide-10-layer-3\" \n\t\t\t\t\t\t\t\tdata-type=\"text\"\n\t\t\t\t\t\t\t\tdata-color=\"#272727\"\n\t\t\t\t\t\t\t\tdata-xy=\"xo:347px,104px,70px,13px;y:m;yo:27px,-121px,134px,51px;\"\n\t\t\t\t\t\t\t\tdata-text=\"w:normal;s:20,20,20,18;l:25,25,25,23;fw:300;\"\n\t\t\t\t\t\t\t\tdata-dim=\"w:329px,329px,329px,183px;\"\n\t\t\t\t\t\t\t\tdata-basealign=\"slide\"\n\t\t\t\t\t\t\t\tdata-rsp_o=\"off\"\n\t\t\t\t\t\t\t\tdata-rsp_bd=\"off\"\n\t\t\t\t\t\t\t\tdata-frame_0=\"x:-50,-50,-50,-45px;y:0,0,0,0px;\"\n\t\t\t\t\t\t\t\tdata-frame_1=\"x:0,0,0,0px;y:0,0,0,0px;st:100;sp:1000;\"\n\t\t\t\t\t\t\t\tdata-frame_999=\"o:0;st:w;\"\n\t\t\t\t\t\t\t\tstyle=\"z-index:6;font-family:'Crimson Pro';font-style:italic;\"\n\t\t\t\t\t\t\t>\"Je ne savais pas par o\u00f9 commencer pour le TOEFL, mais les cours m'ont guid\u00e9s et j'ai atteint un score impressionnant, merci !!\" <br \/>\nD. Martine  \n\t\t\t\t\t\t\t<\/rs-layer><!--\n\n\t\t\t\t\t\t\t--><rs-layer\n\t\t\t\t\t\t\t\tid=\"slider-5-slide-10-layer-5\" \n\t\t\t\t\t\t\t\tdata-type=\"text\"\n\t\t\t\t\t\t\t\tdata-color=\"#272727\"\n\t\t\t\t\t\t\t\tdata-xy=\"xo:680px,104px,70px,100px;y:m;yo:163px,-121px,134px,205px;\"\n\t\t\t\t\t\t\t\tdata-text=\"w:normal;s:20,20,20,17;l:25,25,25,23;fw:300;\"\n\t\t\t\t\t\t\t\tdata-dim=\"w:439px,439px,439px,260px;\"\n\t\t\t\t\t\t\t\tdata-basealign=\"slide\"\n\t\t\t\t\t\t\t\tdata-rsp_o=\"off\"\n\t\t\t\t\t\t\t\tdata-rsp_bd=\"off\"\n\t\t\t\t\t\t\t\tdata-frame_0=\"x:-50,-50,-50,-44px;y:0,0,0,0px;\"\n\t\t\t\t\t\t\t\tdata-frame_1=\"x:0,0,0,0px;y:0,0,0,0px;st:100;sp:1000;\"\n\t\t\t\t\t\t\t\tdata-frame_999=\"o:0;st:w;\"\n\t\t\t\t\t\t\t\tstyle=\"z-index:6;font-family:'Crimson Pro';font-style:italic;\"\n\t\t\t\t\t\t\t>\"Je voulais partir vivre en Espagne avec ma copine et je ne parlais pas un mot d'espagnol avant de commencer ces cours! Ca fait un an maintenant depuis que j'ai commenc\u00e9 et je peux m'exprimer et avoir de belles conversations! Gracias\"<br \/>\nS.Julien \n\t\t\t\t\t\t\t<\/rs-layer><!--\n\n\t\t\t\t\t\t\t--><rs-layer\n\t\t\t\t\t\t\t\tid=\"slider-5-slide-10-layer-6\" \n\t\t\t\t\t\t\t\tdata-type=\"text\"\n\t\t\t\t\t\t\t\tdata-color=\"#272727\"\n\t\t\t\t\t\t\t\tdata-xy=\"xo:379px,104px,70px,99px;y:m;yo:-141px,-121px,134px,-105px;\"\n\t\t\t\t\t\t\t\tdata-text=\"w:normal;s:20,20,20,18;l:25,25,25,22;fw:300;\"\n\t\t\t\t\t\t\t\tdata-dim=\"w:492px,492px,492px,251px;\"\n\t\t\t\t\t\t\t\tdata-basealign=\"slide\"\n\t\t\t\t\t\t\t\tdata-rsp_o=\"off\"\n\t\t\t\t\t\t\t\tdata-rsp_bd=\"off\"\n\t\t\t\t\t\t\t\tdata-frame_0=\"x:-50,-50,-50,-44px;y:0,0,0,0px;\"\n\t\t\t\t\t\t\t\tdata-frame_1=\"x:0,0,0,0px;y:0,0,0,0px;st:100;sp:1000;\"\n\t\t\t\t\t\t\t\tdata-frame_999=\"o:0;st:w;\"\n\t\t\t\t\t\t\t\tstyle=\"z-index:6;font-family:'Crimson Pro';font-style:italic;\"\n\t\t\t\t\t\t\t>\"Super prof! Elle a vraiment pris le temps de s'adapter \u00e0 mon niveau et mes besoins. Elle est \u00e0 l'\u00e9coute pour essayer diff\u00e9rentes m\u00e9thodes de travail. J'ai pu passer mon B2 en espagnol!\"<br \/>\nB.H\u00e9l\u00e8ne \n\t\t\t\t\t\t\t<\/rs-layer><!--\n-->\t\t\t\t\t\t<\/rs-slide>\n\t\t\t\t\t<\/rs-slides>\n\t\t\t\t\t<rs-static-layers><!--\n\t\t\t\t\t--><\/rs-static-layers>\n\t\t\t\t<\/rs-module>\n\t\t\t\t<script>\n\t\t\t\t\tsetREVStartSize({c: 'rev_slider_5_1',rl:[1240,1024,778,480],el:[900,768,960,720],gw:[1920,1200,778,480],gh:[900,768,960,720],type:'hero',justify:'',layout:'fullscreen',offsetContainer:'',offset:'',mh:\"0\"});if (window.RS_MODULES!==undefined && window.RS_MODULES.modules!==undefined && window.RS_MODULES.modules[\"revslider51\"]!==undefined) {window.RS_MODULES.modules[\"revslider51\"].once = false;window.revapi5 = undefined;if (window.RS_MODULES.checkMinimal!==undefined) window.RS_MODULES.checkMinimal()}\n\t\t\t\t<\/script>\n\t\t\t<\/rs-module-wrap>\n\t\t\t<!-- END REVOLUTION SLIDER -->\n<\/div>\r\n\r\n\t\t\t\t<\/div>\n\t\t\t\t<\/div>\n\t\t\t\t\t<\/div>\n\t\t<\/div>\n\t\t\t\t\t\t\t<\/div>\n\t\t<\/section>\n\t\t\t\t\t\t\t<\/div>\n\t\t","protected":false},"excerpt":{"rendered":"","protected":false},"author":1,"featured_media":0,"parent":2280,"menu_order":0,"comment_status":"closed","ping_status":"closed","template":"page-full-width.php","meta":{"_bbp_topic_count":0,"_bbp_reply_count":0,"_bbp_total_topic_count":0,"_bbp_total_reply_count":0,"_bbp_voice_count":0,"_bbp_anonymous_reply_count":0,"_bbp_topic_count_hidden":0,"_bbp_reply_count_hidden":0,"_bbp_forum_subforum_count":0,"footnotes":""},"class_list":["post-1644","page","type-page","status-publish","hentry"],"_links":{"self":[{"href":"https:\/\/oulalalessons.com\/index.php\/wp-json\/wp\/v2\/pages\/1644","targetHints":{"allow":["GET"]}}],"collection":[{"href":"https:\/\/oulalalessons.com\/index.php\/wp-json\/wp\/v2\/pages"}],"about":[{"href":"https:\/\/oulalalessons.com\/index.php\/wp-json\/wp\/v2\/types\/page"}],"author":[{"embeddable":true,"href":"https:\/\/oulalalessons.com\/index.php\/wp-json\/wp\/v2\/users\/1"}],"replies":[{"embeddable":true,"href":"https:\/\/oulalalessons.com\/index.php\/wp-json\/wp\/v2\/comments?post=1644"}],"version-history":[{"count":13,"href":"https:\/\/oulalalessons.com\/index.php\/wp-json\/wp\/v2\/pages\/1644\/revisions"}],"predecessor-version":[{"id":7442,"href":"https:\/\/oulalalessons.com\/index.php\/wp-json\/wp\/v2\/pages\/1644\/revisions\/7442"}],"up":[{"embeddable":true,"href":"https:\/\/oulalalessons.com\/index.php\/wp-json\/wp\/v2\/pages\/2280"}],"wp:attachment":[{"href":"https:\/\/oulalalessons.com\/index.php\/wp-json\/wp\/v2\/media?parent=1644"}],"curies":[{"name":"wp","href":"https:\/\/api.w.org\/{rel}","templated":true}]}}